{"id":16,"date":"2015-01-14T12:36:37","date_gmt":"2015-01-14T12:36:37","guid":{"rendered":"https:\/\/www.ecm.pt\/?page_id=16"},"modified":"2020-09-02T10:25:06","modified_gmt":"2020-09-02T10:25:06","slug":"galerias","status":"publish","type":"page","link":"https:\/\/www.ecm.pt\/en\/galerias\/","title":{"rendered":"Gallery"},"content":{"rendered":"<div class=\"wpb-content-wrapper\"><p>[vc_row css=&#8221;.vc_custom_1423666739554{padding-top: 4% !important;padding-bottom: 4% !important;}&#8221;][vc_column width=&#8221;1\/2&#8243;][vc_flickr flickr_id=&#8221;60480502@N07&#8243; count=&#8221;9&#8243; title=&#8221;Coral&#8221;][\/vc_column][vc_column width=&#8221;1\/2&#8243;][vc_flickr flickr_id=&#8221;61108772@N02&#8243; count=&#8221;9&#8243; title=&#8221;Brisa&#8221;][\/vc_column][\/vc_row][vc_row][vc_column width=&#8221;1\/2&#8243; css=&#8221;.vc_custom_1423842780409{padding-bottom: 50px !important;}&#8221;][vc_flickr flickr_id=&#8221;129534102@N04&#8243; count=&#8221;9&#8243; title=&#8221;Atl\u00e2ntida&#8221;][\/vc_column][vc_column width=&#8221;1\/2&#8243;][\/vc_column][\/vc_row]<\/p>\n<\/div>","protected":false},"excerpt":{"rendered":"<p>[vc_row css=&#8221;.vc_custom_1423666739554{padding-top: 4% !important;padding-bottom: 4% !important;}&#8221;][vc_column width=&#8221;1\/2&#8243;][vc_flickr flickr_id=&#8221;60480502@N07&#8243; count=&#8221;9&#8243; title=&#8221;Coral&#8221;][\/vc_column][vc_column width=&#8221;1\/2&#8243;][vc_flickr flickr_id=&#8221;61108772@N02&#8243; count=&#8221;9&#8243; title=&#8221;Brisa&#8221;][\/vc_column][\/vc_row][vc_row][vc_column width=&#8221;1\/2&#8243; css=&#8221;.vc_custom_1423842780409{padding-bottom: 50px !important;}&#8221;][vc_flickr flickr_id=&#8221;129534102@N04&#8243; count=&#8221;9&#8243; title=&#8221;Atl\u00e2ntida&#8221;][\/vc_column][vc_column width=&#8221;1\/2&#8243;][\/vc_column][\/vc_row]<\/p>\n","protected":false},"author":1,"featured_media":23252,"parent":0,"menu_order":0,"comment_status":"open","ping_status":"closed","template":"","meta":{"footnotes":""},"class_list":["post-16","page","type-page","status-publish","has-post-thumbnail","hentry"],"yoast_head":"<!-- This site is optimized with the Yoast SEO plugin v27.4 - https:\/\/yoast.com\/product\/yoast-seo-wordpress\/ -->\n<title>Gallery - Empresa de Cervejas da Madeira<\/title>\n<meta name=\"description\" content=\"A Empresa de Cervejas da Madeira, Lda (ECM) \u00e9 a maior empresa regional de produ\u00e7\u00e3o e distribui\u00e7\u00e3o de bebidas na Regi\u00e3o Aut\u00f3noma da Madeira.\" \/>\n<meta name=\"robots\" content=\"index, follow, max-snippet:-1, max-image-preview:large, max-video-preview:-1\" \/>\n<link rel=\"canonical\" href=\"https:\/\/www.ecm.pt\/en\/galerias\/\" \/>\n<meta property=\"og:locale\" content=\"en_US\" \/>\n<meta property=\"og:type\" content=\"article\" \/>\n<meta property=\"og:title\" content=\"Gallery - Empresa de Cervejas da Madeira\" \/>\n<meta property=\"og:description\" content=\"A Empresa de Cervejas da Madeira, Lda (ECM) \u00e9 a maior empresa regional de produ\u00e7\u00e3o e distribui\u00e7\u00e3o de bebidas na Regi\u00e3o Aut\u00f3noma da Madeira.\" \/>\n<meta property=\"og:url\" content=\"https:\/\/www.ecm.pt\/en\/galerias\/\" \/>\n<meta property=\"og:site_name\" content=\"Empresa de Cervejas da Madeira\" \/>\n<meta property=\"article:publisher\" content=\"https:\/\/www.facebook.com\/cervejacoral\" \/>\n<meta property=\"article:modified_time\" content=\"2020-09-02T10:25:06+00:00\" \/>\n<meta property=\"og:image\" content=\"https:\/\/www.ecm.pt\/wp-content\/uploads\/2015\/02\/ecm_logo_3d.jpg\" \/>\n\t<meta property=\"og:image:width\" content=\"1000\" \/>\n\t<meta property=\"og:image:height\" content=\"1000\" \/>\n\t<meta property=\"og:image:type\" content=\"image\/jpeg\" \/>\n<script type=\"application\/ld+json\" class=\"yoast-schema-graph\">{\"@context\":\"https:\\\/\\\/schema.org\",\"@graph\":[{\"@type\":\"WebPage\",\"@id\":\"https:\\\/\\\/www.ecm.pt\\\/en\\\/galerias\\\/\",\"url\":\"https:\\\/\\\/www.ecm.pt\\\/en\\\/galerias\\\/\",\"name\":\"Gallery - Empresa de Cervejas da Madeira\",\"isPartOf\":{\"@id\":\"https:\\\/\\\/www.ecm.pt\\\/en\\\/#website\"},\"primaryImageOfPage\":{\"@id\":\"https:\\\/\\\/www.ecm.pt\\\/en\\\/galerias\\\/#primaryimage\"},\"image\":{\"@id\":\"https:\\\/\\\/www.ecm.pt\\\/galerias\\\/#primaryimage\"},\"thumbnailUrl\":\"https:\\\/\\\/www.ecm.pt\\\/wp-content\\\/uploads\\\/2015\\\/02\\\/ecm_logo_3d.jpg\",\"datePublished\":\"2015-01-14T12:36:37+00:00\",\"dateModified\":\"2020-09-02T10:25:06+00:00\",\"description\":\"A Empresa de Cervejas da Madeira, Lda (ECM) \u00e9 a maior empresa regional de produ\u00e7\u00e3o e distribui\u00e7\u00e3o de bebidas na Regi\u00e3o Aut\u00f3noma da Madeira.\",\"breadcrumb\":{\"@id\":\"https:\\\/\\\/www.ecm.pt\\\/en\\\/galerias\\\/#breadcrumb\"},\"inLanguage\":\"en-US\",\"potentialAction\":[{\"@type\":\"ReadAction\",\"target\":[[\"https:\\\/\\\/www.ecm.pt\\\/en\\\/galerias\\\/\"]]}]},{\"@type\":\"ImageObject\",\"inLanguage\":\"en-US\",\"@id\":\"https:\\\/\\\/www.ecm.pt\\\/en\\\/galerias\\\/#primaryimage\",\"url\":\"https:\\\/\\\/www.ecm.pt\\\/wp-content\\\/uploads\\\/2015\\\/02\\\/ecm_logo_3d.jpg\",\"contentUrl\":\"https:\\\/\\\/www.ecm.pt\\\/wp-content\\\/uploads\\\/2015\\\/02\\\/ecm_logo_3d.jpg\",\"width\":1000,\"height\":1000},{\"@type\":\"BreadcrumbList\",\"@id\":\"https:\\\/\\\/www.ecm.pt\\\/en\\\/galerias\\\/#breadcrumb\",\"itemListElement\":[{\"@type\":\"ListItem\",\"position\":1,\"name\":\"In\u00edcio\",\"item\":\"https:\\\/\\\/www.ecm.pt\\\/en\\\/\"},{\"@type\":\"ListItem\",\"position\":2,\"name\":\"Galerias\"}]},{\"@type\":\"WebSite\",\"@id\":\"https:\\\/\\\/www.ecm.pt\\\/en\\\/#website\",\"url\":\"https:\\\/\\\/www.ecm.pt\\\/en\\\/\",\"name\":\"Empresa de Cervejas da Madeira\",\"description\":\"Empresa de Cervejas da Madeira\",\"publisher\":{\"@id\":\"https:\\\/\\\/www.ecm.pt\\\/en\\\/#organization\"},\"potentialAction\":[{\"@type\":\"SearchAction\",\"target\":{\"@type\":\"EntryPoint\",\"urlTemplate\":\"https:\\\/\\\/www.ecm.pt\\\/en\\\/?s={search_term_string}\"},\"query-input\":{\"@type\":\"PropertyValueSpecification\",\"valueRequired\":true,\"valueName\":\"search_term_string\"}}],\"inLanguage\":\"en-US\"},{\"@type\":\"Organization\",\"@id\":\"https:\\\/\\\/www.ecm.pt\\\/en\\\/#organization\",\"name\":\"Empresa de Cervejas da Madeira\",\"url\":\"https:\\\/\\\/www.ecm.pt\\\/en\\\/\",\"logo\":{\"@type\":\"ImageObject\",\"inLanguage\":\"en-US\",\"@id\":\"https:\\\/\\\/www.ecm.pt\\\/en\\\/#\\\/schema\\\/logo\\\/image\\\/\",\"url\":\"https:\\\/\\\/www.ecm.pt\\\/wp-content\\\/uploads\\\/2015\\\/01\\\/ecm_logo.jpg\",\"contentUrl\":\"https:\\\/\\\/www.ecm.pt\\\/wp-content\\\/uploads\\\/2015\\\/01\\\/ecm_logo.jpg\",\"width\":388,\"height\":394,\"caption\":\"Empresa de Cervejas da Madeira\"},\"image\":{\"@id\":\"https:\\\/\\\/www.ecm.pt\\\/en\\\/#\\\/schema\\\/logo\\\/image\\\/\"},\"sameAs\":[\"https:\\\/\\\/www.facebook.com\\\/cervejacoral\",\"https:\\\/\\\/x.com\\\/cervejaCORALecm\"]}]}<\/script>\n<!-- \/ Yoast SEO plugin. -->","yoast_head_json":{"title":"Gallery - Empresa de Cervejas da Madeira","description":"A Empresa de Cervejas da Madeira, Lda (ECM) \u00e9 a maior empresa regional de produ\u00e7\u00e3o e distribui\u00e7\u00e3o de bebidas na Regi\u00e3o Aut\u00f3noma da Madeira.","robots":{"index":"index","follow":"follow","max-snippet":"max-snippet:-1","max-image-preview":"max-image-preview:large","max-video-preview":"max-video-preview:-1"},"canonical":"https:\/\/www.ecm.pt\/en\/galerias\/","og_locale":"en_US","og_type":"article","og_title":"Gallery - Empresa de Cervejas da Madeira","og_description":"A Empresa de Cervejas da Madeira, Lda (ECM) \u00e9 a maior empresa regional de produ\u00e7\u00e3o e distribui\u00e7\u00e3o de bebidas na Regi\u00e3o Aut\u00f3noma da Madeira.","og_url":"https:\/\/www.ecm.pt\/en\/galerias\/","og_site_name":"Empresa de Cervejas da Madeira","article_publisher":"https:\/\/www.facebook.com\/cervejacoral","article_modified_time":"2020-09-02T10:25:06+00:00","og_image":[{"width":1000,"height":1000,"url":"https:\/\/www.ecm.pt\/wp-content\/uploads\/2015\/02\/ecm_logo_3d.jpg","type":"image\/jpeg"}],"schema":{"@context":"https:\/\/schema.org","@graph":[{"@type":"WebPage","@id":"https:\/\/www.ecm.pt\/en\/galerias\/","url":"https:\/\/www.ecm.pt\/en\/galerias\/","name":"Gallery - Empresa de Cervejas da Madeira","isPartOf":{"@id":"https:\/\/www.ecm.pt\/en\/#website"},"primaryImageOfPage":{"@id":"https:\/\/www.ecm.pt\/en\/galerias\/#primaryimage"},"image":{"@id":"https:\/\/www.ecm.pt\/galerias\/#primaryimage"},"thumbnailUrl":"https:\/\/www.ecm.pt\/wp-content\/uploads\/2015\/02\/ecm_logo_3d.jpg","datePublished":"2015-01-14T12:36:37+00:00","dateModified":"2020-09-02T10:25:06+00:00","description":"A Empresa de Cervejas da Madeira, Lda (ECM) \u00e9 a maior empresa regional de produ\u00e7\u00e3o e distribui\u00e7\u00e3o de bebidas na Regi\u00e3o Aut\u00f3noma da Madeira.","breadcrumb":{"@id":"https:\/\/www.ecm.pt\/en\/galerias\/#breadcrumb"},"inLanguage":"en-US","potentialAction":[{"@type":"ReadAction","target":[["https:\/\/www.ecm.pt\/en\/galerias\/"]]}]},{"@type":"ImageObject","inLanguage":"en-US","@id":"https:\/\/www.ecm.pt\/en\/galerias\/#primaryimage","url":"https:\/\/www.ecm.pt\/wp-content\/uploads\/2015\/02\/ecm_logo_3d.jpg","contentUrl":"https:\/\/www.ecm.pt\/wp-content\/uploads\/2015\/02\/ecm_logo_3d.jpg","width":1000,"height":1000},{"@type":"BreadcrumbList","@id":"https:\/\/www.ecm.pt\/en\/galerias\/#breadcrumb","itemListElement":[{"@type":"ListItem","position":1,"name":"In\u00edcio","item":"https:\/\/www.ecm.pt\/en\/"},{"@type":"ListItem","position":2,"name":"Galerias"}]},{"@type":"WebSite","@id":"https:\/\/www.ecm.pt\/en\/#website","url":"https:\/\/www.ecm.pt\/en\/","name":"Empresa de Cervejas da Madeira","description":"Empresa de Cervejas da Madeira","publisher":{"@id":"https:\/\/www.ecm.pt\/en\/#organization"},"potentialAction":[{"@type":"SearchAction","target":{"@type":"EntryPoint","urlTemplate":"https:\/\/www.ecm.pt\/en\/?s={search_term_string}"},"query-input":{"@type":"PropertyValueSpecification","valueRequired":true,"valueName":"search_term_string"}}],"inLanguage":"en-US"},{"@type":"Organization","@id":"https:\/\/www.ecm.pt\/en\/#organization","name":"Empresa de Cervejas da Madeira","url":"https:\/\/www.ecm.pt\/en\/","logo":{"@type":"ImageObject","inLanguage":"en-US","@id":"https:\/\/www.ecm.pt\/en\/#\/schema\/logo\/image\/","url":"https:\/\/www.ecm.pt\/wp-content\/uploads\/2015\/01\/ecm_logo.jpg","contentUrl":"https:\/\/www.ecm.pt\/wp-content\/uploads\/2015\/01\/ecm_logo.jpg","width":388,"height":394,"caption":"Empresa de Cervejas da Madeira"},"image":{"@id":"https:\/\/www.ecm.pt\/en\/#\/schema\/logo\/image\/"},"sameAs":["https:\/\/www.facebook.com\/cervejacoral","https:\/\/x.com\/cervejaCORALecm"]}]}},"_links":{"self":[{"href":"https:\/\/www.ecm.pt\/en\/wp-json\/wp\/v2\/pages\/16","targetHints":{"allow":["GET"]}}],"collection":[{"href":"https:\/\/www.ecm.pt\/en\/wp-json\/wp\/v2\/pages"}],"about":[{"href":"https:\/\/www.ecm.pt\/en\/wp-json\/wp\/v2\/types\/page"}],"author":[{"embeddable":true,"href":"https:\/\/www.ecm.pt\/en\/wp-json\/wp\/v2\/users\/1"}],"replies":[{"embeddable":true,"href":"https:\/\/www.ecm.pt\/en\/wp-json\/wp\/v2\/comments?post=16"}],"version-history":[{"count":1,"href":"https:\/\/www.ecm.pt\/en\/wp-json\/wp\/v2\/pages\/16\/revisions"}],"predecessor-version":[{"id":23571,"href":"https:\/\/www.ecm.pt\/en\/wp-json\/wp\/v2\/pages\/16\/revisions\/23571"}],"wp:featuredmedia":[{"embeddable":true,"href":"https:\/\/www.ecm.pt\/en\/wp-json\/wp\/v2\/media\/23252"}],"wp:attachment":[{"href":"https:\/\/www.ecm.pt\/en\/wp-json\/wp\/v2\/media?parent=16"}],"curies":[{"name":"wp","href":"https:\/\/api.w.org\/{rel}","templated":true}]}}