{"id":23489,"date":"2019-05-15T15:37:44","date_gmt":"2019-05-15T15:37:44","guid":{"rendered":"https:\/\/www.ecm.pt\/?page_id=23489"},"modified":"2020-09-27T11:16:25","modified_gmt":"2020-09-27T11:16:25","slug":"ondecomprar","status":"publish","type":"page","link":"https:\/\/www.ecm.pt\/en\/ondecomprar\/","title":{"rendered":"Where can i find"},"content":{"rendered":"<div class=\"wpb-content-wrapper\"><p>[vc_row use_row_as_full_screen_section=&#8221;yes&#8221; type=&#8221;grid&#8221; background_color=&#8221;#ffffff&#8221; border_color=&#8221;#ffffff&#8221; full_width=&#8221;stretch_row&#8221; css=&#8221;.vc_custom_1558028160514{padding-top: 4% !important;padding-bottom: 2% !important;background-color: #ffffff !important;}&#8221; el_class=&#8221;custom_container&#8221;][vc_column]<div class=\"custom_font_holder\" style=\" color: #161616; background-color: #ffffff; text-align: left;\"><span><\/p>\n<h1 id=\"atividade\">Onde comprar?<\/h1>\n<p><\/span><\/div>[\/vc_column][\/vc_row][vc_row css=&#8221;.vc_custom_1557934777071{padding-right: 5% !important;padding-left: 5% !important;}&#8221;][vc_column][vc_column_text css=&#8221;.vc_custom_1557934553332{background-color: #ffffff !important;}&#8221;][\/vc_column_text][\/vc_column][\/vc_row][vc_row use_row_as_full_screen_section=&#8221;yes&#8221; type=&#8221;grid&#8221; background_color=&#8221;#ffffff&#8221; border_color=&#8221;#ffffff&#8221; full_width=&#8221;stretch_row&#8221; css=&#8221;.vc_custom_1558028160514{padding-top: 4% !important;padding-bottom: 2% !important;background-color: #ffffff !important;}&#8221; el_class=&#8221;custom_container&#8221;][vc_column]<div class=\"custom_font_holder\" style=\" font-size: 14px; color: #161616; background-color: #ffffff; text-align: left;\"><span>Todos os locais apresentados podem ser alterados sem aviso pr\u00e9vio e encontram-se sempre sujeitos a rutura de stock.<\/span><\/div>[\/vc_column][\/vc_row]<\/p>\n<\/div>","protected":false},"excerpt":{"rendered":"<p>[vc_row use_row_as_full_screen_section=&#8221;yes&#8221; type=&#8221;grid&#8221; background_color=&#8221;#ffffff&#8221; border_color=&#8221;#ffffff&#8221; full_width=&#8221;stretch_row&#8221; css=&#8221;.vc_custom_1558028160514{padding-top: 4% !important;padding-bottom: 2% !important;background-color: #ffffff !important;}&#8221; el_class=&#8221;custom_container&#8221;][vc_column][\/vc_column][\/vc_row][vc_row css=&#8221;.vc_custom_1557934777071{padding-right: 5% !important;padding-left: 5% !important;}&#8221;][vc_column][vc_column_text css=&#8221;.vc_custom_1557934553332{background-color: #ffffff !important;}&#8221;][\/vc_column_text][\/vc_column][\/vc_row][vc_row use_row_as_full_screen_section=&#8221;yes&#8221; type=&#8221;grid&#8221; background_color=&#8221;#ffffff&#8221; border_color=&#8221;#ffffff&#8221; full_width=&#8221;stretch_row&#8221; css=&#8221;.vc_custom_1558028160514{padding-top: 4% !important;padding-bottom: 2% !important;background-color: #ffffff !important;}&#8221; el_class=&#8221;custom_container&#8221;][vc_column][\/vc_column][\/vc_row]<\/p>\n","protected":false},"author":1,"featured_media":23512,"parent":0,"menu_order":0,"comment_status":"open","ping_status":"closed","template":"full_width.php","meta":{"footnotes":""},"class_list":["post-23489","page","type-page","status-publish","has-post-thumbnail","hentry"],"yoast_head":"<!-- This site is optimized with the Yoast SEO plugin v27.4 - https:\/\/yoast.com\/product\/yoast-seo-wordpress\/ -->\n<title>Where can i find - Empresa de Cervejas da Madeira<\/title>\n<meta name=\"description\" content=\"A Empresa de Cervejas da Madeira, Lda (ECM) \u00e9 a maior empresa regional de produ\u00e7\u00e3o e distribui\u00e7\u00e3o de bebidas na Regi\u00e3o Aut\u00f3noma da Madeira.\" \/>\n<meta name=\"robots\" content=\"index, follow, max-snippet:-1, max-image-preview:large, max-video-preview:-1\" \/>\n<link rel=\"canonical\" href=\"https:\/\/www.ecm.pt\/en\/ondecomprar\/\" \/>\n<meta property=\"og:locale\" content=\"en_US\" \/>\n<meta property=\"og:type\" content=\"article\" \/>\n<meta property=\"og:title\" content=\"Where can i find - Empresa de Cervejas da Madeira\" \/>\n<meta property=\"og:description\" content=\"A Empresa de Cervejas da Madeira, Lda (ECM) \u00e9 a maior empresa regional de produ\u00e7\u00e3o e distribui\u00e7\u00e3o de bebidas na Regi\u00e3o Aut\u00f3noma da Madeira.\" \/>\n<meta property=\"og:url\" content=\"https:\/\/www.ecm.pt\/en\/ondecomprar\/\" \/>\n<meta property=\"og:site_name\" content=\"Empresa de Cervejas da Madeira\" \/>\n<meta property=\"article:publisher\" content=\"https:\/\/www.facebook.com\/cervejacoral\" \/>\n<meta property=\"article:modified_time\" content=\"2020-09-27T11:16:25+00:00\" \/>\n<meta property=\"og:image\" content=\"https:\/\/www.ecm.pt\/wp-content\/uploads\/2019\/06\/ondecomprar-1.jpg\" \/>\n\t<meta property=\"og:image:width\" content=\"1400\" \/>\n\t<meta property=\"og:image:height\" content=\"788\" \/>\n\t<meta property=\"og:image:type\" content=\"image\/jpeg\" \/>\n<meta name=\"twitter:label1\" content=\"Est. reading time\" \/>\n\t<meta name=\"twitter:data1\" content=\"1 minute\" \/>\n<script type=\"application\/ld+json\" class=\"yoast-schema-graph\">{\"@context\":\"https:\\\/\\\/schema.org\",\"@graph\":[{\"@type\":\"WebPage\",\"@id\":\"https:\\\/\\\/www.ecm.pt\\\/en\\\/ondecomprar\\\/\",\"url\":\"https:\\\/\\\/www.ecm.pt\\\/en\\\/ondecomprar\\\/\",\"name\":\"Where can i find - Empresa de Cervejas da Madeira\",\"isPartOf\":{\"@id\":\"https:\\\/\\\/www.ecm.pt\\\/en\\\/#website\"},\"primaryImageOfPage\":{\"@id\":\"https:\\\/\\\/www.ecm.pt\\\/en\\\/ondecomprar\\\/#primaryimage\"},\"image\":{\"@id\":\"https:\\\/\\\/www.ecm.pt\\\/ondecomprar\\\/#primaryimage\"},\"thumbnailUrl\":\"https:\\\/\\\/www.ecm.pt\\\/wp-content\\\/uploads\\\/2019\\\/06\\\/ondecomprar-1.jpg\",\"datePublished\":\"2019-05-15T15:37:44+00:00\",\"dateModified\":\"2020-09-27T11:16:25+00:00\",\"description\":\"A Empresa de Cervejas da Madeira, Lda (ECM) \u00e9 a maior empresa regional de produ\u00e7\u00e3o e distribui\u00e7\u00e3o de bebidas na Regi\u00e3o Aut\u00f3noma da Madeira.\",\"breadcrumb\":{\"@id\":\"https:\\\/\\\/www.ecm.pt\\\/en\\\/ondecomprar\\\/#breadcrumb\"},\"inLanguage\":\"en-US\",\"potentialAction\":[{\"@type\":\"ReadAction\",\"target\":[[\"https:\\\/\\\/www.ecm.pt\\\/en\\\/ondecomprar\\\/\"]]}]},{\"@type\":\"ImageObject\",\"inLanguage\":\"en-US\",\"@id\":\"https:\\\/\\\/www.ecm.pt\\\/en\\\/ondecomprar\\\/#primaryimage\",\"url\":\"https:\\\/\\\/www.ecm.pt\\\/wp-content\\\/uploads\\\/2019\\\/06\\\/ondecomprar-1.jpg\",\"contentUrl\":\"https:\\\/\\\/www.ecm.pt\\\/wp-content\\\/uploads\\\/2019\\\/06\\\/ondecomprar-1.jpg\",\"width\":1400,\"height\":788},{\"@type\":\"BreadcrumbList\",\"@id\":\"https:\\\/\\\/www.ecm.pt\\\/en\\\/ondecomprar\\\/#breadcrumb\",\"itemListElement\":[{\"@type\":\"ListItem\",\"position\":1,\"name\":\"In\u00edcio\",\"item\":\"https:\\\/\\\/www.ecm.pt\\\/en\\\/\"},{\"@type\":\"ListItem\",\"position\":2,\"name\":\"Onde Comprar\"}]},{\"@type\":\"WebSite\",\"@id\":\"https:\\\/\\\/www.ecm.pt\\\/en\\\/#website\",\"url\":\"https:\\\/\\\/www.ecm.pt\\\/en\\\/\",\"name\":\"Empresa de Cervejas da Madeira\",\"description\":\"Empresa de Cervejas da Madeira\",\"publisher\":{\"@id\":\"https:\\\/\\\/www.ecm.pt\\\/en\\\/#organization\"},\"potentialAction\":[{\"@type\":\"SearchAction\",\"target\":{\"@type\":\"EntryPoint\",\"urlTemplate\":\"https:\\\/\\\/www.ecm.pt\\\/en\\\/?s={search_term_string}\"},\"query-input\":{\"@type\":\"PropertyValueSpecification\",\"valueRequired\":true,\"valueName\":\"search_term_string\"}}],\"inLanguage\":\"en-US\"},{\"@type\":\"Organization\",\"@id\":\"https:\\\/\\\/www.ecm.pt\\\/en\\\/#organization\",\"name\":\"Empresa de Cervejas da Madeira\",\"url\":\"https:\\\/\\\/www.ecm.pt\\\/en\\\/\",\"logo\":{\"@type\":\"ImageObject\",\"inLanguage\":\"en-US\",\"@id\":\"https:\\\/\\\/www.ecm.pt\\\/en\\\/#\\\/schema\\\/logo\\\/image\\\/\",\"url\":\"https:\\\/\\\/www.ecm.pt\\\/wp-content\\\/uploads\\\/2015\\\/01\\\/ecm_logo.jpg\",\"contentUrl\":\"https:\\\/\\\/www.ecm.pt\\\/wp-content\\\/uploads\\\/2015\\\/01\\\/ecm_logo.jpg\",\"width\":388,\"height\":394,\"caption\":\"Empresa de Cervejas da Madeira\"},\"image\":{\"@id\":\"https:\\\/\\\/www.ecm.pt\\\/en\\\/#\\\/schema\\\/logo\\\/image\\\/\"},\"sameAs\":[\"https:\\\/\\\/www.facebook.com\\\/cervejacoral\",\"https:\\\/\\\/x.com\\\/cervejaCORALecm\"]}]}<\/script>\n<!-- \/ Yoast SEO plugin. -->","yoast_head_json":{"title":"Where can i find - Empresa de Cervejas da Madeira","description":"A Empresa de Cervejas da Madeira, Lda (ECM) \u00e9 a maior empresa regional de produ\u00e7\u00e3o e distribui\u00e7\u00e3o de bebidas na Regi\u00e3o Aut\u00f3noma da Madeira.","robots":{"index":"index","follow":"follow","max-snippet":"max-snippet:-1","max-image-preview":"max-image-preview:large","max-video-preview":"max-video-preview:-1"},"canonical":"https:\/\/www.ecm.pt\/en\/ondecomprar\/","og_locale":"en_US","og_type":"article","og_title":"Where can i find - Empresa de Cervejas da Madeira","og_description":"A Empresa de Cervejas da Madeira, Lda (ECM) \u00e9 a maior empresa regional de produ\u00e7\u00e3o e distribui\u00e7\u00e3o de bebidas na Regi\u00e3o Aut\u00f3noma da Madeira.","og_url":"https:\/\/www.ecm.pt\/en\/ondecomprar\/","og_site_name":"Empresa de Cervejas da Madeira","article_publisher":"https:\/\/www.facebook.com\/cervejacoral","article_modified_time":"2020-09-27T11:16:25+00:00","og_image":[{"width":1400,"height":788,"url":"https:\/\/www.ecm.pt\/wp-content\/uploads\/2019\/06\/ondecomprar-1.jpg","type":"image\/jpeg"}],"twitter_misc":{"Est. reading time":"1 minute"},"schema":{"@context":"https:\/\/schema.org","@graph":[{"@type":"WebPage","@id":"https:\/\/www.ecm.pt\/en\/ondecomprar\/","url":"https:\/\/www.ecm.pt\/en\/ondecomprar\/","name":"Where can i find - Empresa de Cervejas da Madeira","isPartOf":{"@id":"https:\/\/www.ecm.pt\/en\/#website"},"primaryImageOfPage":{"@id":"https:\/\/www.ecm.pt\/en\/ondecomprar\/#primaryimage"},"image":{"@id":"https:\/\/www.ecm.pt\/ondecomprar\/#primaryimage"},"thumbnailUrl":"https:\/\/www.ecm.pt\/wp-content\/uploads\/2019\/06\/ondecomprar-1.jpg","datePublished":"2019-05-15T15:37:44+00:00","dateModified":"2020-09-27T11:16:25+00:00","description":"A Empresa de Cervejas da Madeira, Lda (ECM) \u00e9 a maior empresa regional de produ\u00e7\u00e3o e distribui\u00e7\u00e3o de bebidas na Regi\u00e3o Aut\u00f3noma da Madeira.","breadcrumb":{"@id":"https:\/\/www.ecm.pt\/en\/ondecomprar\/#breadcrumb"},"inLanguage":"en-US","potentialAction":[{"@type":"ReadAction","target":[["https:\/\/www.ecm.pt\/en\/ondecomprar\/"]]}]},{"@type":"ImageObject","inLanguage":"en-US","@id":"https:\/\/www.ecm.pt\/en\/ondecomprar\/#primaryimage","url":"https:\/\/www.ecm.pt\/wp-content\/uploads\/2019\/06\/ondecomprar-1.jpg","contentUrl":"https:\/\/www.ecm.pt\/wp-content\/uploads\/2019\/06\/ondecomprar-1.jpg","width":1400,"height":788},{"@type":"BreadcrumbList","@id":"https:\/\/www.ecm.pt\/en\/ondecomprar\/#breadcrumb","itemListElement":[{"@type":"ListItem","position":1,"name":"In\u00edcio","item":"https:\/\/www.ecm.pt\/en\/"},{"@type":"ListItem","position":2,"name":"Onde Comprar"}]},{"@type":"WebSite","@id":"https:\/\/www.ecm.pt\/en\/#website","url":"https:\/\/www.ecm.pt\/en\/","name":"Empresa de Cervejas da Madeira","description":"Empresa de Cervejas da Madeira","publisher":{"@id":"https:\/\/www.ecm.pt\/en\/#organization"},"potentialAction":[{"@type":"SearchAction","target":{"@type":"EntryPoint","urlTemplate":"https:\/\/www.ecm.pt\/en\/?s={search_term_string}"},"query-input":{"@type":"PropertyValueSpecification","valueRequired":true,"valueName":"search_term_string"}}],"inLanguage":"en-US"},{"@type":"Organization","@id":"https:\/\/www.ecm.pt\/en\/#organization","name":"Empresa de Cervejas da Madeira","url":"https:\/\/www.ecm.pt\/en\/","logo":{"@type":"ImageObject","inLanguage":"en-US","@id":"https:\/\/www.ecm.pt\/en\/#\/schema\/logo\/image\/","url":"https:\/\/www.ecm.pt\/wp-content\/uploads\/2015\/01\/ecm_logo.jpg","contentUrl":"https:\/\/www.ecm.pt\/wp-content\/uploads\/2015\/01\/ecm_logo.jpg","width":388,"height":394,"caption":"Empresa de Cervejas da Madeira"},"image":{"@id":"https:\/\/www.ecm.pt\/en\/#\/schema\/logo\/image\/"},"sameAs":["https:\/\/www.facebook.com\/cervejacoral","https:\/\/x.com\/cervejaCORALecm"]}]}},"_links":{"self":[{"href":"https:\/\/www.ecm.pt\/en\/wp-json\/wp\/v2\/pages\/23489","targetHints":{"allow":["GET"]}}],"collection":[{"href":"https:\/\/www.ecm.pt\/en\/wp-json\/wp\/v2\/pages"}],"about":[{"href":"https:\/\/www.ecm.pt\/en\/wp-json\/wp\/v2\/types\/page"}],"author":[{"embeddable":true,"href":"https:\/\/www.ecm.pt\/en\/wp-json\/wp\/v2\/users\/1"}],"replies":[{"embeddable":true,"href":"https:\/\/www.ecm.pt\/en\/wp-json\/wp\/v2\/comments?post=23489"}],"version-history":[{"count":18,"href":"https:\/\/www.ecm.pt\/en\/wp-json\/wp\/v2\/pages\/23489\/revisions"}],"predecessor-version":[{"id":23575,"href":"https:\/\/www.ecm.pt\/en\/wp-json\/wp\/v2\/pages\/23489\/revisions\/23575"}],"wp:featuredmedia":[{"embeddable":true,"href":"https:\/\/www.ecm.pt\/en\/wp-json\/wp\/v2\/media\/23512"}],"wp:attachment":[{"href":"https:\/\/www.ecm.pt\/en\/wp-json\/wp\/v2\/media?parent=23489"}],"curies":[{"name":"wp","href":"https:\/\/api.w.org\/{rel}","templated":true}]}}